{"id":725,"date":"2022-03-16T07:02:25","date_gmt":"2022-03-16T07:02:25","guid":{"rendered":"https:\/\/modinatheme.com\/transland\/?page_id=725"},"modified":"2024-07-05T07:31:39","modified_gmt":"2024-07-05T07:31:39","slug":"politikalar","status":"publish","type":"page","link":"https:\/\/cinarmetalsanayi.com\/index.php\/politikalar\/","title":{"rendered":"Kalite Politikam\u0131z"},"content":{"rendered":"\t\t<div data-elementor-type=\"wp-page\" data-elementor-id=\"725\" class=\"elementor elementor-725\">\n\t\t\t\t<div class=\"elementor-element elementor-element-cad06d2 e-flex e-con-boxed e-con e-parent\" data-id=\"cad06d2\" data-element_type=\"container\">\n\t\t\t\t\t<div class=\"e-con-inner\">\n\t\t\t\t<div class=\"elementor-element elementor-element-b522f7b elementor-widget elementor-widget-image\" data-id=\"b522f7b\" data-element_type=\"widget\" data-widget_type=\"image.default\">\n\t\t\t\t<div class=\"elementor-widget-container\">\n\t\t\t\t\t\t\t\t\t\t\t\t\t\t\t<img fetchpriority=\"high\" decoding=\"async\" width=\"1145\" height=\"186\" src=\"https:\/\/cinarmetalsanayi.com\/wp-content\/uploads\/2024\/07\/bayrakcinar-1.jpg\" class=\"attachment-full size-full wp-image-3479\" alt=\"\" srcset=\"https:\/\/cinarmetalsanayi.com\/wp-content\/uploads\/2024\/07\/bayrakcinar-1.jpg 1145w, https:\/\/cinarmetalsanayi.com\/wp-content\/uploads\/2024\/07\/bayrakcinar-1-300x49.jpg 300w, https:\/\/cinarmetalsanayi.com\/wp-content\/uploads\/2024\/07\/bayrakcinar-1-1024x166.jpg 1024w, https:\/\/cinarmetalsanayi.com\/wp-content\/uploads\/2024\/07\/bayrakcinar-1-768x125.jpg 768w\" sizes=\"(max-width: 1145px) 100vw, 1145px\" \/>\t\t\t\t\t\t\t\t\t\t\t\t\t\t\t<\/div>\n\t\t\t\t<\/div>\n\t\t\t\t\t<\/div>\n\t\t\t\t<\/div>\n\t\t<div class=\"elementor-element elementor-element-83d2bdd e-flex e-con-boxed e-con e-parent\" data-id=\"83d2bdd\" data-element_type=\"container\">\n\t\t\t\t\t<div class=\"e-con-inner\">\n\t\t\t\t<div class=\"elementor-element elementor-element-24e46f0 elementor-tabs-view-horizontal elementor-invisible elementor-widget elementor-widget-tabs\" data-id=\"24e46f0\" data-element_type=\"widget\" data-settings=\"{&quot;_animation&quot;:&quot;fadeIn&quot;}\" data-widget_type=\"tabs.default\">\n\t\t\t\t<div class=\"elementor-widget-container\">\n\t\t\t\t\t\t\t<div class=\"elementor-tabs\">\n\t\t\t<div class=\"elementor-tabs-wrapper\" role=\"tablist\" >\n\t\t\t\t\t\t\t\t\t<div id=\"elementor-tab-title-3861\" class=\"elementor-tab-title elementor-tab-desktop-title\" aria-selected=\"true\" data-tab=\"1\" role=\"tab\" tabindex=\"0\" aria-controls=\"elementor-tab-content-3861\" aria-expanded=\"false\">Kalite<\/div>\n\t\t\t\t\t\t\t<\/div>\n\t\t\t<div class=\"elementor-tabs-content-wrapper\" role=\"tablist\" aria-orientation=\"vertical\">\n\t\t\t\t\t\t\t\t\t<div class=\"elementor-tab-title elementor-tab-mobile-title\" aria-selected=\"true\" data-tab=\"1\" role=\"tab\" tabindex=\"0\" aria-controls=\"elementor-tab-content-3861\" aria-expanded=\"false\">Kalite<\/div>\n\t\t\t\t\t<div id=\"elementor-tab-content-3861\" class=\"elementor-tab-content elementor-clearfix\" data-tab=\"1\" role=\"tabpanel\" aria-labelledby=\"elementor-tab-title-3861\" tabindex=\"0\" hidden=\"false\"><p>\u00c7\u0131nar Metal olarak, \u00fcretim s\u00fcre\u00e7lerimizde ve sundu\u011fumuz hizmetlerde kaliteyi en \u00fcst d\u00fczeyde tutmak temel ilkemizdir. Bu do\u011frultuda kalite politikam\u0131z \u015fu esaslara dayanmaktad\u0131r:<\/p><ol><li><p><strong>M\u00fc\u015fteri Odakl\u0131l\u0131k:<\/strong> M\u00fc\u015fterilerimizin ihtiya\u00e7 ve beklentilerini tam olarak anlamak ve kar\u015f\u0131lamak, onlar\u0131n memnuniyetini sa\u011flamak i\u00e7in s\u00fcrekli \u00e7al\u0131\u015f\u0131yoruz. M\u00fc\u015fteri geri bildirimlerini dikkate alarak \u00fcr\u00fcn ve hizmetlerimizi s\u00fcrekli iyile\u015ftiriyoruz.<\/p><\/li><li><p><strong>S\u00fcrekli \u0130yile\u015ftirme:<\/strong> \u00dcretim s\u00fcre\u00e7lerimizi ve kalite y\u00f6netim sistemimizi s\u00fcrekli g\u00f6zden ge\u00e7iriyor ve iyile\u015ftiriyoruz. Teknolojik yenilikleri takip ederek, verimlili\u011fi art\u0131racak ve hatalar\u0131 en aza indirecek \u00e7\u00f6z\u00fcmler geli\u015ftiriyoruz.<\/p><\/li><li><p><strong>E\u011fitim ve Geli\u015fim:<\/strong> \u00c7al\u0131\u015fanlar\u0131m\u0131z\u0131n bilgi ve becerilerini s\u00fcrekli olarak geli\u015ftirmek i\u00e7in e\u011fitim programlar\u0131na \u00f6nem veriyoruz. Ekiplerimizin motivasyonunu ve yetkinliklerini art\u0131rarak, kaliteli \u00fcretim ve hizmet sunumunu sa\u011fl\u0131yoruz.<\/p><\/li><li><p><strong>Yasal ve Mevzuat Uyumu:<\/strong> Faaliyetlerimizde, y\u00fcr\u00fcrl\u00fckteki yasal d\u00fczenlemelere ve sekt\u00f6rel standartlara tam uyum sa\u011flamay\u0131 taahh\u00fct ediyoruz. \u00c7evreye ve topluma kar\u015f\u0131 sorumluluklar\u0131m\u0131z\u0131n bilincinde hareket ediyoruz.<\/p><\/li><li><p><strong>Tedarik\u00e7i \u0130li\u015fkileri:<\/strong> Tedarik\u00e7ilerimizle kar\u015f\u0131l\u0131kl\u0131 g\u00fcven ve i\u015f birli\u011fine dayal\u0131 ili\u015fkiler kuruyoruz. Kalite standartlar\u0131m\u0131z\u0131 tedarik\u00e7ilerimizle payla\u015farak, tedarik zincirimizin her a\u015famas\u0131nda kaliteyi garanti alt\u0131na al\u0131yoruz.<\/p><\/li><li><p><strong>Kalite Kontrol ve G\u00fcvence:<\/strong> \u00dcretim s\u00fcre\u00e7lerimizin her a\u015famas\u0131nda titiz kalite kontrol uygulamalar\u0131 ger\u00e7ekle\u015ftiriyoruz. \u00dcr\u00fcnlerimizin belirlenen kalite standartlar\u0131na uygunlu\u011funu g\u00fcvence alt\u0131na almak i\u00e7in d\u00fczenli denetimler yap\u0131yoruz.<\/p><\/li><\/ol><p>\u00c7\u0131nar Metal olarak, kalite politikam\u0131z \u00e7er\u00e7evesinde t\u00fcm s\u00fcre\u00e7lerimizi s\u00fcrekli geli\u015ftirerek, m\u00fc\u015fteri memnuniyetini en \u00fcst seviyede tutmay\u0131 ve sekt\u00f6rdeki lider konumumuzu s\u00fcrd\u00fcrmeyi hedefliyoruz.<\/p><\/div>\n\t\t\t\t\t\t\t<\/div>\n\t\t<\/div>\n\t\t\t\t\t\t<\/div>\n\t\t\t\t<\/div>\n\t\t\t\t\t<\/div>\n\t\t\t\t<\/div>\n\t\t\t\t<\/div>\n\t\t","protected":false},"excerpt":{"rendered":"<p>Kalite Kalite \u00c7\u0131nar Metal olarak, \u00fcretim s\u00fcre\u00e7lerimizde ve sundu\u011fumuz hizmetlerde kaliteyi en \u00fcst d\u00fczeyde tutmak temel ilkemizdir. Bu do\u011frultuda kalite politikam\u0131z \u015fu esaslara dayanmaktad\u0131r: M\u00fc\u015fteri Odakl\u0131l\u0131k: M\u00fc\u015fterilerimizin ihtiya\u00e7 ve beklentilerini tam olarak anlamak ve kar\u015f\u0131lamak, onlar\u0131n memnuniyetini sa\u011flamak i\u00e7in s\u00fcrekli \u00e7al\u0131\u015f\u0131yoruz. M\u00fc\u015fteri geri bildirimlerini dikkate alarak \u00fcr\u00fcn ve hizmetlerimizi s\u00fcrekli iyile\u015ftiriyoruz. S\u00fcrekli \u0130yile\u015ftirme: \u00dcretim s\u00fcre\u00e7lerimizi [&hellip;]<\/p>\n","protected":false},"author":1,"featured_media":0,"parent":0,"menu_order":0,"comment_status":"closed","ping_status":"closed","template":"elementor_header_footer","meta":{"om_disable_all_campaigns":false,"_monsterinsights_skip_tracking":false,"_monsterinsights_sitenote_active":false,"_monsterinsights_sitenote_note":"","_monsterinsights_sitenote_category":0,"footnotes":""},"class_list":["post-725","page","type-page","status-publish","hentry"],"acf":[],"aioseo_notices":[],"_links":{"self":[{"href":"https:\/\/cinarmetalsanayi.com\/index.php\/wp-json\/wp\/v2\/pages\/725","targetHints":{"allow":["GET"]}}],"collection":[{"href":"https:\/\/cinarmetalsanayi.com\/index.php\/wp-json\/wp\/v2\/pages"}],"about":[{"href":"https:\/\/cinarmetalsanayi.com\/index.php\/wp-json\/wp\/v2\/types\/page"}],"author":[{"embeddable":true,"href":"https:\/\/cinarmetalsanayi.com\/index.php\/wp-json\/wp\/v2\/users\/1"}],"replies":[{"embeddable":true,"href":"https:\/\/cinarmetalsanayi.com\/index.php\/wp-json\/wp\/v2\/comments?post=725"}],"version-history":[{"count":52,"href":"https:\/\/cinarmetalsanayi.com\/index.php\/wp-json\/wp\/v2\/pages\/725\/revisions"}],"predecessor-version":[{"id":3485,"href":"https:\/\/cinarmetalsanayi.com\/index.php\/wp-json\/wp\/v2\/pages\/725\/revisions\/3485"}],"wp:attachment":[{"href":"https:\/\/cinarmetalsanayi.com\/index.php\/wp-json\/wp\/v2\/media?parent=725"}],"curies":[{"name":"wp","href":"https:\/\/api.w.org\/{rel}","templated":true}]}}