{"id":1247,"date":"2022-04-05T17:03:11","date_gmt":"2022-04-05T17:03:11","guid":{"rendered":"https:\/\/modinatheme.com\/transland\/?page_id=1247"},"modified":"2024-07-05T07:38:12","modified_gmt":"2024-07-05T07:38:12","slug":"misyonvizyon","status":"publish","type":"page","link":"https:\/\/cinarmetalsanayi.com\/index.php\/misyonvizyon\/","title":{"rendered":"Kurumsal"},"content":{"rendered":"\t\t<div data-elementor-type=\"wp-page\" data-elementor-id=\"1247\" class=\"elementor elementor-1247\">\n\t\t\t\t\t\t<section class=\"elementor-section elementor-top-section elementor-element elementor-element-616db6b elementor-section-boxed elementor-section-height-default elementor-section-height-default\" data-id=\"616db6b\" data-element_type=\"section\">\n\t\t\t\t\t\t<div class=\"elementor-container elementor-column-gap-default\">\n\t\t\t\t\t<div class=\"elementor-column elementor-col-100 elementor-top-column elementor-element elementor-element-d045666\" data-id=\"d045666\" data-element_type=\"column\" data-settings=\"{&quot;background_background&quot;:&quot;classic&quot;}\">\n\t\t\t<div class=\"elementor-widget-wrap elementor-element-populated\">\n\t\t\t\t\t\t<div class=\"elementor-element elementor-element-0e66337 elementor-widget elementor-widget-modina_section_title\" data-id=\"0e66337\" data-element_type=\"widget\" data-widget_type=\"modina_section_title.default\">\n\t\t\t\t<div class=\"elementor-widget-container\">\n\t\t\t\t\t\r\n        <div class=\"block-contents text-center\">\r\n        <div class=\"section-title\">\r\n            <h5 class=\"text-center\">\u00c7INAR<\/h5>\r\n            <span><\/span>\r\n            <h2>Misyon & <span> Vizyon<\/span><\/h2>\r\n        <\/div>\r\n            <\/div>\r\n    \r\n    \t\t\t\t<\/div>\n\t\t\t\t<\/div>\n\t\t\t\t\t<\/div>\n\t\t<\/div>\n\t\t\t\t\t<\/div>\n\t\t<\/section>\n\t\t<div class=\"elementor-element elementor-element-2b7ce25 e-flex e-con-boxed e-con e-parent\" data-id=\"2b7ce25\" data-element_type=\"container\">\n\t\t\t\t\t<div class=\"e-con-inner\">\n\t\t<div class=\"elementor-element elementor-element-9d0bbf1 e-con-full e-flex e-con e-child\" data-id=\"9d0bbf1\" data-element_type=\"container\">\n\t\t\t\t<div class=\"elementor-element elementor-element-7c1bc9f elementor-widget__width-initial elementor-widget elementor-widget-image\" data-id=\"7c1bc9f\" data-element_type=\"widget\" data-widget_type=\"image.default\">\n\t\t\t\t<div class=\"elementor-widget-container\">\n\t\t\t\t\t\t\t\t\t\t\t\t\t\t\t<img fetchpriority=\"high\" decoding=\"async\" width=\"712\" height=\"1024\" src=\"https:\/\/cinarmetalsanayi.com\/wp-content\/uploads\/2024\/07\/misyon-vizyon-712x1024.jpg\" class=\"attachment-large size-large wp-image-3489\" alt=\"\" srcset=\"https:\/\/cinarmetalsanayi.com\/wp-content\/uploads\/2024\/07\/misyon-vizyon-712x1024.jpg 712w, https:\/\/cinarmetalsanayi.com\/wp-content\/uploads\/2024\/07\/misyon-vizyon-209x300.jpg 209w, https:\/\/cinarmetalsanayi.com\/wp-content\/uploads\/2024\/07\/misyon-vizyon-768x1105.jpg 768w, https:\/\/cinarmetalsanayi.com\/wp-content\/uploads\/2024\/07\/misyon-vizyon-1068x1536.jpg 1068w, https:\/\/cinarmetalsanayi.com\/wp-content\/uploads\/2024\/07\/misyon-vizyon-1424x2048.jpg 1424w, https:\/\/cinarmetalsanayi.com\/wp-content\/uploads\/2024\/07\/misyon-vizyon-scaled.jpg 1780w\" sizes=\"(max-width: 712px) 100vw, 712px\" \/>\t\t\t\t\t\t\t\t\t\t\t\t\t\t\t<\/div>\n\t\t\t\t<\/div>\n\t\t\t\t<\/div>\n\t\t<div class=\"elementor-element elementor-element-c378cee e-con-full e-flex e-con e-child\" data-id=\"c378cee\" data-element_type=\"container\">\n\t\t<div class=\"elementor-element elementor-element-b96cf9c e-flex e-con-boxed e-con e-child\" data-id=\"b96cf9c\" data-element_type=\"container\">\n\t\t\t\t\t<div class=\"e-con-inner\">\n\t\t\t\t<div class=\"elementor-element elementor-element-1e2776d elementor-widget elementor-widget-heading\" data-id=\"1e2776d\" data-element_type=\"widget\" data-widget_type=\"heading.default\">\n\t\t\t\t<div class=\"elementor-widget-container\">\n\t\t\t\t\t<h2 class=\"elementor-heading-title elementor-size-default\">Vizyon<\/h2>\t\t\t\t<\/div>\n\t\t\t\t<\/div>\n\t\t\t\t<div class=\"elementor-element elementor-element-80696e9 elementor-widget elementor-widget-text-editor\" data-id=\"80696e9\" data-element_type=\"widget\" data-widget_type=\"text-editor.default\">\n\t\t\t\t<div class=\"elementor-widget-container\">\n\t\t\t\t\t\t\t\t\t<p>\u00c7\u0131nar Metal, sekt\u00f6rde \u00f6nc\u00fc ve g\u00fcvenilir bir marka olma vizyonuyla hareket etmektedir. \u00dcretim s\u00fcre\u00e7lerimizde s\u00fcrekli iyile\u015ftirme ve yenilik\u00e7i \u00e7\u00f6z\u00fcmler geli\u015ftirerek, katlan\u0131r oluk, ilave oluk ve ya\u011f tank\u0131 \u00fcretiminde lider bir konuma gelmeyi ama\u00e7l\u0131yoruz. Sekt\u00f6rdeki teknolojik geli\u015fmeleri yak\u0131ndan takip ederek, m\u00fc\u015fterilerimize en iyi \u00fcr\u00fcn ve hizmetleri sunmak i\u00e7in s\u00fcrekli olarak kendimizi geli\u015ftiriyoruz. M\u00fc\u015fteri memnuniyetini ve kaliteyi her zaman \u00f6n planda tutarak, ulusal ve uluslararas\u0131 pazarda tan\u0131nan ve tercih edilen bir marka olmay\u0131 hedefliyoruz.<\/p>\t\t\t\t\t\t\t\t<\/div>\n\t\t\t\t<\/div>\n\t\t\t\t\t<\/div>\n\t\t\t\t<\/div>\n\t\t<div class=\"elementor-element elementor-element-9d46c0d e-flex e-con-boxed e-con e-child\" data-id=\"9d46c0d\" data-element_type=\"container\">\n\t\t\t\t\t<div class=\"e-con-inner\">\n\t\t\t\t<div class=\"elementor-element elementor-element-dcd118a elementor-widget elementor-widget-heading\" data-id=\"dcd118a\" data-element_type=\"widget\" data-widget_type=\"heading.default\">\n\t\t\t\t<div class=\"elementor-widget-container\">\n\t\t\t\t\t<h2 class=\"elementor-heading-title elementor-size-default\">Misyon\n<\/h2>\t\t\t\t<\/div>\n\t\t\t\t<\/div>\n\t\t\t\t<div class=\"elementor-element elementor-element-8b755b9 elementor-widget elementor-widget-text-editor\" data-id=\"8b755b9\" data-element_type=\"widget\" data-widget_type=\"text-editor.default\">\n\t\t\t\t<div class=\"elementor-widget-container\">\n\t\t\t\t\t\t\t\t\t<p>\u00c7\u0131nar Metal olarak, m\u00fc\u015fterilerimize y\u00fcksek kaliteli, g\u00fcvenilir ve yenilik\u00e7i \u00fcr\u00fcnler sunmay\u0131 misyon edindik. Katlan\u0131r oluk, ilave oluk ve fason kaynak i\u015fleri konusundaki uzmanl\u0131\u011f\u0131m\u0131zla sekt\u00f6rdeki ihtiya\u00e7lar\u0131 kar\u015f\u0131layarak, m\u00fc\u015fteri memnuniyetini en \u00fcst d\u00fczeyde tutmay\u0131 hedefliyoruz. Kalite, g\u00fcvenilirlik ve yenilik\u00e7ilik ilkelerimiz do\u011frultusunda, end\u00fcstriyel \u00e7\u00f6z\u00fcmler \u00fcretmek ve m\u00fc\u015fterilerimize de\u011fer katmak i\u00e7in \u00e7al\u0131\u015f\u0131yoruz.<\/p>\t\t\t\t\t\t\t\t<\/div>\n\t\t\t\t<\/div>\n\t\t\t\t\t<\/div>\n\t\t\t\t<\/div>\n\t\t\t\t<\/div>\n\t\t\t\t\t<\/div>\n\t\t\t\t<\/div>\n\t\t\t\t<\/div>\n\t\t","protected":false},"excerpt":{"rendered":"<p>\u00c7INAR Misyon &#038; Vizyon Vizyon \u00c7\u0131nar Metal, sekt\u00f6rde \u00f6nc\u00fc ve g\u00fcvenilir bir marka olma vizyonuyla hareket etmektedir. \u00dcretim s\u00fcre\u00e7lerimizde s\u00fcrekli iyile\u015ftirme ve yenilik\u00e7i \u00e7\u00f6z\u00fcmler geli\u015ftirerek, katlan\u0131r oluk, ilave oluk ve ya\u011f tank\u0131 \u00fcretiminde lider bir konuma gelmeyi ama\u00e7l\u0131yoruz. Sekt\u00f6rdeki teknolojik geli\u015fmeleri yak\u0131ndan takip ederek, m\u00fc\u015fterilerimize en iyi \u00fcr\u00fcn ve hizmetleri sunmak i\u00e7in s\u00fcrekli olarak kendimizi [&hellip;]<\/p>\n","protected":false},"author":1,"featured_media":0,"parent":0,"menu_order":0,"comment_status":"closed","ping_status":"closed","template":"elementor_header_footer","meta":{"om_disable_all_campaigns":false,"_monsterinsights_skip_tracking":false,"_monsterinsights_sitenote_active":false,"_monsterinsights_sitenote_note":"","_monsterinsights_sitenote_category":0,"footnotes":""},"class_list":["post-1247","page","type-page","status-publish","hentry"],"acf":[],"aioseo_notices":[],"_links":{"self":[{"href":"https:\/\/cinarmetalsanayi.com\/index.php\/wp-json\/wp\/v2\/pages\/1247","targetHints":{"allow":["GET"]}}],"collection":[{"href":"https:\/\/cinarmetalsanayi.com\/index.php\/wp-json\/wp\/v2\/pages"}],"about":[{"href":"https:\/\/cinarmetalsanayi.com\/index.php\/wp-json\/wp\/v2\/types\/page"}],"author":[{"embeddable":true,"href":"https:\/\/cinarmetalsanayi.com\/index.php\/wp-json\/wp\/v2\/users\/1"}],"replies":[{"embeddable":true,"href":"https:\/\/cinarmetalsanayi.com\/index.php\/wp-json\/wp\/v2\/comments?post=1247"}],"version-history":[{"count":26,"href":"https:\/\/cinarmetalsanayi.com\/index.php\/wp-json\/wp\/v2\/pages\/1247\/revisions"}],"predecessor-version":[{"id":3495,"href":"https:\/\/cinarmetalsanayi.com\/index.php\/wp-json\/wp\/v2\/pages\/1247\/revisions\/3495"}],"wp:attachment":[{"href":"https:\/\/cinarmetalsanayi.com\/index.php\/wp-json\/wp\/v2\/media?parent=1247"}],"curies":[{"name":"wp","href":"https:\/\/api.w.org\/{rel}","templated":true}]}}